{"id":141,"date":"2011-01-29T19:35:05","date_gmt":"2011-01-29T18:35:05","guid":{"rendered":"http:\/\/www.pablo-romero.asso.fr\/WP\/?page_id=141"},"modified":"2022-11-27T17:57:05","modified_gmt":"2022-11-27T16:57:05","slug":"jeudis-des-artistes","status":"publish","type":"page","link":"https:\/\/pabloromero.fr\/?page_id=141","title":{"rendered":"JEUDI DES ARTISTES"},"content":{"rendered":"<p><span style=\"font-family: georgia,palatino,serif;\"><a href=\"https:\/\/www.flickr.com\/photos\/149756614@N05\/albums\"><img loading=\"lazy\" decoding=\"async\" class=\"alignnone wp-image-4420\" src=\"http:\/\/www.pabloromero.fr\/wp-content\/uploads\/jeudidesartistes-900x432.jpg\" alt=\"jeudidesartistes\" width=\"538\" height=\"258\" srcset=\"https:\/\/pabloromero.fr\/wp-content\/uploads\/jeudidesartistes-900x432.jpg 900w, https:\/\/pabloromero.fr\/wp-content\/uploads\/jeudidesartistes-300x144.jpg 300w, https:\/\/pabloromero.fr\/wp-content\/uploads\/jeudidesartistes.jpg 1842w\" sizes=\"(max-width: 538px) 100vw, 538px\" \/><\/a><\/span><\/p>\n<div style=\"text-align: justify;\"><span style=\"font-family: georgia,palatino,serif;\"><strong>Les Amis de Pablo Romero ouvrent leur espace des aficionados tous les deuxi\u00e8mes jeudis de chaque mois de 18h \u00e0 22h d\u2019octobre \u00e0 mars.<\/strong><\/span><\/div>\n<p style=\"text-align: justify;\"><span style=\"font-family: georgia,palatino,serif;\">Durant 4 heures, \u00e0 partir de 18h, qu\u2019ils soient peintres ou sculpteurs, ils travailleront comme dans leur atelier, ils cr\u00e9eront une oeuvre en direct, devant le public, sans souci de performance, dans un esprit d\u2019\u00e9change, de rencontre et de convivialit\u00e9.<\/span><\/p>\n<p style=\"text-align: justify;\"><span style=\"font-family: georgia,palatino,serif;\">Le cartel de d&#8217;un ou plusieurs artistes, en mano \u00e0 mano ou en solo, sera diff\u00e9rent chaque jeudi car comme les toreros rien n\u2019est jamais acquis et l\u2019affiche n\u2019est jamais vraiment faite qu\u2019au dernier moment.<\/span><\/p>\n<p style=\"text-align: justify;\"><span style=\"font-family: georgia,palatino,serif;\">Cette convivialit\u00e9 se d\u00e9veloppera avec les b\u00e9n\u00e9voles de l\u2019association autour d\u2019un verre de l\u2019amiti\u00e9 et de quelques tapas, parfois m\u00eame les c\u00e9l\u00e8bres hu\u00eetres du non moins c\u00e9l\u00e8bre El San Gilen. Chaque jeudi une cave viticole viendra nous pr\u00e9senter sa production, Les Costi\u00e8res de N\u00eemes \u00e9tant notre partenaire privil\u00e9gi\u00e9. Pour garder lors de ces manifestations un v\u00e9ritable esprit de convivialit\u00e9 le verre de vin sera propos\u00e9 \u00e0 un euro symbolique et le double pour les tapas.<\/span><\/p>\n<p style=\"text-align: justify;\"><span style=\"font-family: georgia,palatino,serif;\">L\u2019objectif est de cr\u00e9er une rencontre culturelle entre les artistes et le public, un \u00e9change vocal d\u2019id\u00e9es et de plaisir. C\u2019est aussi l\u2019occasion de converser avec ces magiciens de la couleur et des mati\u00e8res. Avec en prime quelques oeuvres expos\u00e9es et qui seront \u00e0 la vente. Bien entendu le th\u00e8me de l\u2019oeuvre sera d\u2019inspiration taurine, mais une grande libert\u00e9 d\u2019expression sera laiss\u00e9e aux artistes.<\/span><\/p>\n<p style=\"text-align: justify;\"><span style=\"font-family: georgia,palatino,serif;\">Le cartel sera annonc\u00e9 par voie de presse et par le biais d\u2019affiches, et selon des modalit\u00e9s qui \u00e9volueront au fil des opportunit\u00e9s : participation crois\u00e9e des artistes, peinture en direct\u2026<\/span><\/p>\n<p style=\"text-align: justify;\"><strong><span style=\"font-family: georgia,palatino,serif;\">Cliquez sur l&#8217;image pour t\u00e9l\u00e9charger le dossier de presse<br \/>\n<\/span><\/strong><\/p>\n<p><a href=\"https:\/\/www.pabloromero.fr\/wp-content\/uploads\/jeudi20102011.pdf\"><img loading=\"lazy\" decoding=\"async\" class=\"alignnone wp-image-8094 \" src=\"https:\/\/pabloromero.fr\/wp-content\/uploads\/telecharger-300x110.png\" alt=\"\" width=\"185\" height=\"68\" srcset=\"https:\/\/pabloromero.fr\/wp-content\/uploads\/telecharger-300x110.png 300w, https:\/\/pabloromero.fr\/wp-content\/uploads\/telecharger.png 400w\" sizes=\"(max-width: 185px) 100vw, 185px\" \/><\/a><\/p>\n<p>&nbsp;<\/p>\n","protected":false},"excerpt":{"rendered":"<p>Les Amis de Pablo Romero ouvrent leur espace des aficionados tous les deuxi\u00e8mes jeudis de chaque mois de 18h \u00e0 22h d\u2019octobre \u00e0 mars. Durant 4 heures, \u00e0 partir de 18h, qu\u2019ils soient peintres ou sculpteurs, ils travailleront comme dans leur atelier, ils cr\u00e9eront une oeuvre en direct, devant le public, sans souci de performance, [&hellip;]<\/p>\n","protected":false},"author":8,"featured_media":0,"parent":0,"menu_order":8,"comment_status":"closed","ping_status":"open","template":"","meta":{"footnotes":""},"class_list":["post-141","page","type-page","status-publish","hentry"],"yoast_head":"<!-- This site is optimized with the Yoast SEO plugin v24.7 - https:\/\/yoast.com\/wordpress\/plugins\/seo\/ -->\n<title>JEUDI DES ARTISTES - Les amis de PABLO ROMERO<\/title>\n<meta name=\"robots\" content=\"index, follow, max-snippet:-1, max-image-preview:large, max-video-preview:-1\" \/>\n<link rel=\"canonical\" href=\"https:\/\/pabloromero.fr\/?page_id=141\" \/>\n<meta property=\"og:locale\" content=\"fr_FR\" \/>\n<meta property=\"og:type\" content=\"article\" \/>\n<meta property=\"og:title\" content=\"JEUDI DES ARTISTES - Les amis de PABLO ROMERO\" \/>\n<meta property=\"og:description\" content=\"Les Amis de Pablo Romero ouvrent leur espace des aficionados tous les deuxi\u00e8mes jeudis de chaque mois de 18h \u00e0 22h d\u2019octobre \u00e0 mars. Durant 4 heures, \u00e0 partir de 18h, qu\u2019ils soient peintres ou sculpteurs, ils travailleront comme dans leur atelier, ils cr\u00e9eront une oeuvre en direct, devant le public, sans souci de performance, [&hellip;]\" \/>\n<meta property=\"og:url\" content=\"https:\/\/pabloromero.fr\/?page_id=141\" \/>\n<meta property=\"og:site_name\" content=\"Les amis de PABLO ROMERO\" \/>\n<meta property=\"article:modified_time\" content=\"2022-11-27T16:57:05+00:00\" \/>\n<meta property=\"og:image\" content=\"http:\/\/www.pabloromero.fr\/wp-content\/uploads\/jeudidesartistes-900x432.jpg\" \/>\n<meta name=\"twitter:card\" content=\"summary_large_image\" \/>\n<meta name=\"twitter:label1\" content=\"Dur\u00e9e de lecture estim\u00e9e\" \/>\n\t<meta name=\"twitter:data1\" content=\"2 minutes\" \/>\n<script type=\"application\/ld+json\" class=\"yoast-schema-graph\">{\"@context\":\"https:\/\/schema.org\",\"@graph\":[{\"@type\":\"WebPage\",\"@id\":\"https:\/\/pabloromero.fr\/?page_id=141\",\"url\":\"https:\/\/pabloromero.fr\/?page_id=141\",\"name\":\"JEUDI DES ARTISTES - Les amis de PABLO ROMERO\",\"isPartOf\":{\"@id\":\"https:\/\/pabloromero.fr\/#website\"},\"primaryImageOfPage\":{\"@id\":\"https:\/\/pabloromero.fr\/?page_id=141#primaryimage\"},\"image\":{\"@id\":\"https:\/\/pabloromero.fr\/?page_id=141#primaryimage\"},\"thumbnailUrl\":\"http:\/\/www.pabloromero.fr\/wp-content\/uploads\/jeudidesartistes-900x432.jpg\",\"datePublished\":\"2011-01-29T18:35:05+00:00\",\"dateModified\":\"2022-11-27T16:57:05+00:00\",\"breadcrumb\":{\"@id\":\"https:\/\/pabloromero.fr\/?page_id=141#breadcrumb\"},\"inLanguage\":\"fr-FR\",\"potentialAction\":[{\"@type\":\"ReadAction\",\"target\":[\"https:\/\/pabloromero.fr\/?page_id=141\"]}]},{\"@type\":\"ImageObject\",\"inLanguage\":\"fr-FR\",\"@id\":\"https:\/\/pabloromero.fr\/?page_id=141#primaryimage\",\"url\":\"http:\/\/www.pabloromero.fr\/wp-content\/uploads\/jeudidesartistes-900x432.jpg\",\"contentUrl\":\"http:\/\/www.pabloromero.fr\/wp-content\/uploads\/jeudidesartistes-900x432.jpg\"},{\"@type\":\"BreadcrumbList\",\"@id\":\"https:\/\/pabloromero.fr\/?page_id=141#breadcrumb\",\"itemListElement\":[{\"@type\":\"ListItem\",\"position\":1,\"name\":\"Accueil\",\"item\":\"https:\/\/pabloromero.fr\/\"},{\"@type\":\"ListItem\",\"position\":2,\"name\":\"JEUDI DES ARTISTES\"}]},{\"@type\":\"WebSite\",\"@id\":\"https:\/\/pabloromero.fr\/#website\",\"url\":\"https:\/\/pabloromero.fr\/\",\"name\":\"Les amis de PABLO ROMERO\",\"description\":\"L&#039;activit\u00e9 de l&#039;association &quot;les amis de PABLO ROMERO&quot;\",\"potentialAction\":[{\"@type\":\"SearchAction\",\"target\":{\"@type\":\"EntryPoint\",\"urlTemplate\":\"https:\/\/pabloromero.fr\/?s={search_term_string}\"},\"query-input\":{\"@type\":\"PropertyValueSpecification\",\"valueRequired\":true,\"valueName\":\"search_term_string\"}}],\"inLanguage\":\"fr-FR\"}]}<\/script>\n<!-- \/ Yoast SEO plugin. -->","yoast_head_json":{"title":"JEUDI DES ARTISTES - Les amis de PABLO ROMERO","robots":{"index":"index","follow":"follow","max-snippet":"max-snippet:-1","max-image-preview":"max-image-preview:large","max-video-preview":"max-video-preview:-1"},"canonical":"https:\/\/pabloromero.fr\/?page_id=141","og_locale":"fr_FR","og_type":"article","og_title":"JEUDI DES ARTISTES - Les amis de PABLO ROMERO","og_description":"Les Amis de Pablo Romero ouvrent leur espace des aficionados tous les deuxi\u00e8mes jeudis de chaque mois de 18h \u00e0 22h d\u2019octobre \u00e0 mars. Durant 4 heures, \u00e0 partir de 18h, qu\u2019ils soient peintres ou sculpteurs, ils travailleront comme dans leur atelier, ils cr\u00e9eront une oeuvre en direct, devant le public, sans souci de performance, [&hellip;]","og_url":"https:\/\/pabloromero.fr\/?page_id=141","og_site_name":"Les amis de PABLO ROMERO","article_modified_time":"2022-11-27T16:57:05+00:00","og_image":[{"url":"http:\/\/www.pabloromero.fr\/wp-content\/uploads\/jeudidesartistes-900x432.jpg","type":"","width":"","height":""}],"twitter_card":"summary_large_image","twitter_misc":{"Dur\u00e9e de lecture estim\u00e9e":"2 minutes"},"schema":{"@context":"https:\/\/schema.org","@graph":[{"@type":"WebPage","@id":"https:\/\/pabloromero.fr\/?page_id=141","url":"https:\/\/pabloromero.fr\/?page_id=141","name":"JEUDI DES ARTISTES - Les amis de PABLO ROMERO","isPartOf":{"@id":"https:\/\/pabloromero.fr\/#website"},"primaryImageOfPage":{"@id":"https:\/\/pabloromero.fr\/?page_id=141#primaryimage"},"image":{"@id":"https:\/\/pabloromero.fr\/?page_id=141#primaryimage"},"thumbnailUrl":"http:\/\/www.pabloromero.fr\/wp-content\/uploads\/jeudidesartistes-900x432.jpg","datePublished":"2011-01-29T18:35:05+00:00","dateModified":"2022-11-27T16:57:05+00:00","breadcrumb":{"@id":"https:\/\/pabloromero.fr\/?page_id=141#breadcrumb"},"inLanguage":"fr-FR","potentialAction":[{"@type":"ReadAction","target":["https:\/\/pabloromero.fr\/?page_id=141"]}]},{"@type":"ImageObject","inLanguage":"fr-FR","@id":"https:\/\/pabloromero.fr\/?page_id=141#primaryimage","url":"http:\/\/www.pabloromero.fr\/wp-content\/uploads\/jeudidesartistes-900x432.jpg","contentUrl":"http:\/\/www.pabloromero.fr\/wp-content\/uploads\/jeudidesartistes-900x432.jpg"},{"@type":"BreadcrumbList","@id":"https:\/\/pabloromero.fr\/?page_id=141#breadcrumb","itemListElement":[{"@type":"ListItem","position":1,"name":"Accueil","item":"https:\/\/pabloromero.fr\/"},{"@type":"ListItem","position":2,"name":"JEUDI DES ARTISTES"}]},{"@type":"WebSite","@id":"https:\/\/pabloromero.fr\/#website","url":"https:\/\/pabloromero.fr\/","name":"Les amis de PABLO ROMERO","description":"L&#039;activit\u00e9 de l&#039;association &quot;les amis de PABLO ROMERO&quot;","potentialAction":[{"@type":"SearchAction","target":{"@type":"EntryPoint","urlTemplate":"https:\/\/pabloromero.fr\/?s={search_term_string}"},"query-input":{"@type":"PropertyValueSpecification","valueRequired":true,"valueName":"search_term_string"}}],"inLanguage":"fr-FR"}]}},"_links":{"self":[{"href":"https:\/\/pabloromero.fr\/index.php?rest_route=\/wp\/v2\/pages\/141"}],"collection":[{"href":"https:\/\/pabloromero.fr\/index.php?rest_route=\/wp\/v2\/pages"}],"about":[{"href":"https:\/\/pabloromero.fr\/index.php?rest_route=\/wp\/v2\/types\/page"}],"author":[{"embeddable":true,"href":"https:\/\/pabloromero.fr\/index.php?rest_route=\/wp\/v2\/users\/8"}],"replies":[{"embeddable":true,"href":"https:\/\/pabloromero.fr\/index.php?rest_route=%2Fwp%2Fv2%2Fcomments&post=141"}],"version-history":[{"count":23,"href":"https:\/\/pabloromero.fr\/index.php?rest_route=\/wp\/v2\/pages\/141\/revisions"}],"predecessor-version":[{"id":8096,"href":"https:\/\/pabloromero.fr\/index.php?rest_route=\/wp\/v2\/pages\/141\/revisions\/8096"}],"wp:attachment":[{"href":"https:\/\/pabloromero.fr\/index.php?rest_route=%2Fwp%2Fv2%2Fmedia&parent=141"}],"curies":[{"name":"wp","href":"https:\/\/api.w.org\/{rel}","templated":true}]}}