{"id":146,"date":"2011-01-29T19:47:02","date_gmt":"2011-01-29T18:47:02","guid":{"rendered":"http:\/\/www.pablo-romero.asso.fr\/WP\/?page_id=146"},"modified":"2017-01-14T17:04:01","modified_gmt":"2017-01-14T16:04:01","slug":"lelevage","status":"publish","type":"page","link":"https:\/\/pabloromero.fr\/?page_id=146","title":{"rendered":"L&#8217;ELEVAGE"},"content":{"rendered":"<h2><strong>L\u2019encaste Partido de Resina aujourd\u2019hui<\/strong><\/h2>\n<p>&nbsp;<\/p>\n<h3><strong>La finca<\/strong><\/h3>\n<p>La finca Partido de Resina qui accueille les toros du m\u00eame fer, anciennement Pablo Romero, se trouve \u00e0 45 km de S\u00e9ville, sur la commune d\u2019Aznalcazar, pr\u00e8s de Villamanrique de la Condesa. Sise dans les marais de l\u2019Aljarafe, dans le parc naturel prot\u00e9g\u00e9 du Coto de Do\u00f1ana, elle compte 350 hectares. Elle appartient depuis 1997 \u00e0 Antonio Morales, dit \u00abEl Tico\u00bb. Deux employ\u00e9s sont affect\u00e9s \u00e0 plein temps sur l\u2019\u00e9levage : le mayoral Joaqu\u00edn Morera et le vacher Mois\u00e9s. Jos\u00e9 Luis\u00a0Algora, v\u00e9t\u00e9rinaire, assure\u00a0\u00a0 le\u00a0\u00a0 suivi\u00a0\u00a0 sanitaire\u00a0\u00a0 de\u00a0\u00a0 l\u2019\u00e9levage\u00a0\u00a0 et\u00a0\u00a0 la\u00a0\u00a0 gestion \u00a0\u00a0\u00a0administrative. En plus de l\u2019\u00e9levage et de la vente de toro de lidia, la ganaderia Partido de Resina compte sur une seconde activit\u00e9 qui compl\u00e8te ses revenus financiers. Il s\u2019agit d\u2019une activit\u00e9 d\u2019agritourisme, organis\u00e9 par l\u2019agence Artetur.<\/p>\n<p><strong>\u00a0<\/strong><\/p>\n<h3><strong>L\u2019\u00e9levage<\/strong><\/h3>\n<p>L\u2019\u00e9levage compte en janvier 2017 425 t\u00eates de b\u00e9tail. Ce nombre se d\u00e9compose de la fa\u00e7on suivante\u00a0:<\/p>\n<p>&#8211; Toros : 13<\/p>\n<p>&#8211; Novillos : 47<\/p>\n<p>&#8211; Erales : 42<\/p>\n<p>&#8211; A\u00f1ojos : 45 (2016)<\/p>\n<p>&#8211; A\u00f1ojas : 27 (2016)<\/p>\n<p>&#8211; Vaches reproductrices : 132<\/p>\n<p>&#8211; Sementales : 7<\/p>\n<p>Ces animaux se r\u00e9partissent entre 12 familles g\u00e9n\u00e9tiques. A ce jour, l\u2019\u00e9levage poss\u00e8de une \u00abqualification totale\u00bb, c\u2019est-\u00e0-dire qu\u2019il ne souffre d\u2019aucune pathologie (brucellose, tuberculose ni aucune autre). Un contr\u00f4le sanitaire est r\u00e9guli\u00e8rement effectu\u00e9 concernant notamment des campagnes de d\u00e9parasitage et de vaccinations. Jos\u00e9 Luis Algora, v\u00e9t\u00e9rinaire de l\u2019\u00e9levage, pr\u00e9cise qu\u2019aucun probl\u00e8me ou maladie n\u2019est apparu au cours de ces trois derni\u00e8res ann\u00e9es.<\/p>\n<p>&nbsp;<\/p>\n<p><object width=\"425\" height=\"350\" classid=\"clsid:d27cdb6e-ae6d-11cf-96b8-444553540000\" codebase=\"http:\/\/download.macromedia.com\/pub\/shockwave\/cabs\/flash\/swflash.cab#version=6,0,40,0\"><param name=\"src\" value=\"http:\/\/www.youtube.com\/v\/nZCwovmw1l8\" \/><embed type=\"application\/x-shockwave-flash\" width=\"425\" height=\"350\" src=\"http:\/\/www.youtube.com\/v\/nZCwovmw1l8\">\u00a0<\/embed><\/object><\/p>\n<p>&nbsp;<\/p>\n","protected":false},"excerpt":{"rendered":"<p>L\u2019encaste Partido de Resina aujourd\u2019hui &nbsp; La finca La finca Partido de Resina qui accueille les toros du m\u00eame fer, anciennement Pablo Romero, se trouve \u00e0 45 km de S\u00e9ville, sur la commune d\u2019Aznalcazar, pr\u00e8s de Villamanrique de la Condesa. Sise dans les marais de l\u2019Aljarafe, dans le parc naturel prot\u00e9g\u00e9 du Coto de Do\u00f1ana, [&hellip;]<\/p>\n","protected":false},"author":8,"featured_media":0,"parent":0,"menu_order":3,"comment_status":"closed","ping_status":"open","template":"","meta":{"footnotes":""},"class_list":["post-146","page","type-page","status-publish","hentry"],"yoast_head":"<!-- This site is optimized with the Yoast SEO plugin v24.7 - https:\/\/yoast.com\/wordpress\/plugins\/seo\/ -->\n<title>L&#039;ELEVAGE - Les amis de PABLO ROMERO<\/title>\n<meta name=\"robots\" content=\"index, follow, max-snippet:-1, max-image-preview:large, max-video-preview:-1\" \/>\n<link rel=\"canonical\" href=\"https:\/\/pabloromero.fr\/?page_id=146\" \/>\n<meta property=\"og:locale\" content=\"fr_FR\" \/>\n<meta property=\"og:type\" content=\"article\" \/>\n<meta property=\"og:title\" content=\"L&#039;ELEVAGE - Les amis de PABLO ROMERO\" \/>\n<meta property=\"og:description\" content=\"L\u2019encaste Partido de Resina aujourd\u2019hui &nbsp; La finca La finca Partido de Resina qui accueille les toros du m\u00eame fer, anciennement Pablo Romero, se trouve \u00e0 45 km de S\u00e9ville, sur la commune d\u2019Aznalcazar, pr\u00e8s de Villamanrique de la Condesa. Sise dans les marais de l\u2019Aljarafe, dans le parc naturel prot\u00e9g\u00e9 du Coto de Do\u00f1ana, [&hellip;]\" \/>\n<meta property=\"og:url\" content=\"https:\/\/pabloromero.fr\/?page_id=146\" \/>\n<meta property=\"og:site_name\" content=\"Les amis de PABLO ROMERO\" \/>\n<meta property=\"article:modified_time\" content=\"2017-01-14T16:04:01+00:00\" \/>\n<meta name=\"twitter:card\" content=\"summary_large_image\" \/>\n<meta name=\"twitter:label1\" content=\"Dur\u00e9e de lecture estim\u00e9e\" \/>\n\t<meta name=\"twitter:data1\" content=\"1 minute\" \/>\n<script type=\"application\/ld+json\" class=\"yoast-schema-graph\">{\"@context\":\"https:\/\/schema.org\",\"@graph\":[{\"@type\":\"WebPage\",\"@id\":\"https:\/\/pabloromero.fr\/?page_id=146\",\"url\":\"https:\/\/pabloromero.fr\/?page_id=146\",\"name\":\"L'ELEVAGE - Les amis de PABLO ROMERO\",\"isPartOf\":{\"@id\":\"https:\/\/pabloromero.fr\/#website\"},\"datePublished\":\"2011-01-29T18:47:02+00:00\",\"dateModified\":\"2017-01-14T16:04:01+00:00\",\"breadcrumb\":{\"@id\":\"https:\/\/pabloromero.fr\/?page_id=146#breadcrumb\"},\"inLanguage\":\"fr-FR\",\"potentialAction\":[{\"@type\":\"ReadAction\",\"target\":[\"https:\/\/pabloromero.fr\/?page_id=146\"]}]},{\"@type\":\"BreadcrumbList\",\"@id\":\"https:\/\/pabloromero.fr\/?page_id=146#breadcrumb\",\"itemListElement\":[{\"@type\":\"ListItem\",\"position\":1,\"name\":\"Accueil\",\"item\":\"https:\/\/pabloromero.fr\/\"},{\"@type\":\"ListItem\",\"position\":2,\"name\":\"L&#8217;ELEVAGE\"}]},{\"@type\":\"WebSite\",\"@id\":\"https:\/\/pabloromero.fr\/#website\",\"url\":\"https:\/\/pabloromero.fr\/\",\"name\":\"Les amis de PABLO ROMERO\",\"description\":\"L&#039;activit\u00e9 de l&#039;association &quot;les amis de PABLO ROMERO&quot;\",\"potentialAction\":[{\"@type\":\"SearchAction\",\"target\":{\"@type\":\"EntryPoint\",\"urlTemplate\":\"https:\/\/pabloromero.fr\/?s={search_term_string}\"},\"query-input\":{\"@type\":\"PropertyValueSpecification\",\"valueRequired\":true,\"valueName\":\"search_term_string\"}}],\"inLanguage\":\"fr-FR\"}]}<\/script>\n<!-- \/ Yoast SEO plugin. -->","yoast_head_json":{"title":"L'ELEVAGE - Les amis de PABLO ROMERO","robots":{"index":"index","follow":"follow","max-snippet":"max-snippet:-1","max-image-preview":"max-image-preview:large","max-video-preview":"max-video-preview:-1"},"canonical":"https:\/\/pabloromero.fr\/?page_id=146","og_locale":"fr_FR","og_type":"article","og_title":"L'ELEVAGE - Les amis de PABLO ROMERO","og_description":"L\u2019encaste Partido de Resina aujourd\u2019hui &nbsp; La finca La finca Partido de Resina qui accueille les toros du m\u00eame fer, anciennement Pablo Romero, se trouve \u00e0 45 km de S\u00e9ville, sur la commune d\u2019Aznalcazar, pr\u00e8s de Villamanrique de la Condesa. Sise dans les marais de l\u2019Aljarafe, dans le parc naturel prot\u00e9g\u00e9 du Coto de Do\u00f1ana, [&hellip;]","og_url":"https:\/\/pabloromero.fr\/?page_id=146","og_site_name":"Les amis de PABLO ROMERO","article_modified_time":"2017-01-14T16:04:01+00:00","twitter_card":"summary_large_image","twitter_misc":{"Dur\u00e9e de lecture estim\u00e9e":"1 minute"},"schema":{"@context":"https:\/\/schema.org","@graph":[{"@type":"WebPage","@id":"https:\/\/pabloromero.fr\/?page_id=146","url":"https:\/\/pabloromero.fr\/?page_id=146","name":"L'ELEVAGE - Les amis de PABLO ROMERO","isPartOf":{"@id":"https:\/\/pabloromero.fr\/#website"},"datePublished":"2011-01-29T18:47:02+00:00","dateModified":"2017-01-14T16:04:01+00:00","breadcrumb":{"@id":"https:\/\/pabloromero.fr\/?page_id=146#breadcrumb"},"inLanguage":"fr-FR","potentialAction":[{"@type":"ReadAction","target":["https:\/\/pabloromero.fr\/?page_id=146"]}]},{"@type":"BreadcrumbList","@id":"https:\/\/pabloromero.fr\/?page_id=146#breadcrumb","itemListElement":[{"@type":"ListItem","position":1,"name":"Accueil","item":"https:\/\/pabloromero.fr\/"},{"@type":"ListItem","position":2,"name":"L&#8217;ELEVAGE"}]},{"@type":"WebSite","@id":"https:\/\/pabloromero.fr\/#website","url":"https:\/\/pabloromero.fr\/","name":"Les amis de PABLO ROMERO","description":"L&#039;activit\u00e9 de l&#039;association &quot;les amis de PABLO ROMERO&quot;","potentialAction":[{"@type":"SearchAction","target":{"@type":"EntryPoint","urlTemplate":"https:\/\/pabloromero.fr\/?s={search_term_string}"},"query-input":{"@type":"PropertyValueSpecification","valueRequired":true,"valueName":"search_term_string"}}],"inLanguage":"fr-FR"}]}},"_links":{"self":[{"href":"https:\/\/pabloromero.fr\/index.php?rest_route=\/wp\/v2\/pages\/146"}],"collection":[{"href":"https:\/\/pabloromero.fr\/index.php?rest_route=\/wp\/v2\/pages"}],"about":[{"href":"https:\/\/pabloromero.fr\/index.php?rest_route=\/wp\/v2\/types\/page"}],"author":[{"embeddable":true,"href":"https:\/\/pabloromero.fr\/index.php?rest_route=\/wp\/v2\/users\/8"}],"replies":[{"embeddable":true,"href":"https:\/\/pabloromero.fr\/index.php?rest_route=%2Fwp%2Fv2%2Fcomments&post=146"}],"version-history":[{"count":9,"href":"https:\/\/pabloromero.fr\/index.php?rest_route=\/wp\/v2\/pages\/146\/revisions"}],"predecessor-version":[{"id":4438,"href":"https:\/\/pabloromero.fr\/index.php?rest_route=\/wp\/v2\/pages\/146\/revisions\/4438"}],"wp:attachment":[{"href":"https:\/\/pabloromero.fr\/index.php?rest_route=%2Fwp%2Fv2%2Fmedia&parent=146"}],"curies":[{"name":"wp","href":"https:\/\/api.w.org\/{rel}","templated":true}]}}