{"id":183,"date":"2011-01-30T10:11:03","date_gmt":"2011-01-30T09:11:03","guid":{"rendered":"http:\/\/www.pablo-romero.asso.fr\/WP\/?page_id=183"},"modified":"2020-02-25T08:36:20","modified_gmt":"2020-02-25T07:36:20","slug":"contact","status":"publish","type":"page","link":"https:\/\/pabloromero.fr\/?page_id=183","title":{"rendered":"CONTACT"},"content":{"rendered":"<h2>Pour nous contacter :<\/h2>\n<div id=\"usermessagea\" class=\"cf_info \"><\/div><form enctype=\"multipart\/form-data\" action=\"\/index.php?rest_route=%2Fwp%2Fv2%2Fpages%2F183#usermessagea\" method=\"post\" class=\"cform cformsdirect contact-pablo  cfnoreset\" id=\"cformsform\"><ol class=\"cf-ol\"><li id=\"li--1\" class=\"\"><label id=\"label--1\" for=\"cf_field_1\"><span>Nom<\/span><\/label><input type=\"text\" name=\"cf_field_1\" id=\"cf_field_1\" class=\"single fldrequired\" value=\"\" title=\"Votre Nom\"\/><span class=\"reqtxt\">(requis)<\/span><\/li><li id=\"li--2\" class=\"\"><label id=\"label--2\" for=\"cf_field_2\"><span>Email<\/span><\/label><input type=\"text\" name=\"cf_field_2\" id=\"cf_field_2\" class=\"single fldemail fldrequired\" value=\"\" title=\"Votre email\"\/><span class=\"emailreqtxt\">(email valide requis)<\/span><\/li><li id=\"li--3\" class=\"\"><label id=\"label--3\" for=\"cf_field_3\"><span>Message<\/span><\/label><textarea cols=\"30\" rows=\"8\" name=\"cf_field_3\" id=\"cf_field_3\" class=\"area fldrequired\" title=\"\"><\/textarea><span class=\"reqtxt\">(requis)<\/span><\/li><li id=\"li--4\" class=\"\"><label id=\"label--4\" for=\"cf_field_4\"><span>Objet<\/span><\/label><select name=\"cf_field_4\" id=\"cf_field_4\" class=\"cformselect\" title=\"Entrez l'objet de votre demande\"><option value=\"0\">information<\/option><option value=\"1\">Rincon<\/option><option value=\"2\">Information Feria<\/option><option value=\"3\">Jeudis des artistes<\/option><option value=\"4\">R\u00e9servation Feria<\/option><option value=\"5\">Visite espace culturel<\/option><option value=\"6\">Demande d'adh\u00e9sion<\/option><option value=\"7\">Site internet<\/option><\/select><\/li><li id=\"li--5\" class=\"\"><label for=\"cf_field_5\" class=\"secq\"><span>combien font quarante cinq moins cinq ? <\/span><\/label><input type=\"text\" name=\"cforms2_question_and_answer\" id=\"cf_field_5\" class=\"secinput fldrequired \" title=\"\"\/><input type=\"hidden\" name=\"cforms2_question_and_answer\/hint\" value=\"3\"\/><\/li><\/ol><fieldset class=\"cf_hidden\"><legend>&nbsp;<\/legend><input type=\"hidden\" name=\"cf_working\" id=\"cf_working\" value=\"<span>Un petit moment svp ...<\/span>\"\/><input type=\"hidden\" name=\"cf_failure\" id=\"cf_failure\" value=\"<span>Merci de remplir tous les champs<\/span>\"\/><input type=\"hidden\" name=\"cf_customerr\" id=\"cf_customerr\" value=\"y\"\/><\/fieldset><p class=\"cf-sb\"><input type=\"submit\" name=\"sendbutton\" id=\"sendbutton\" class=\"sendbutton\" value=\"Envoyer\" \/><\/p><\/form>\n<p>Les Amis de Pablo Romero<\/p>\n<p><em>12 rue \u00c9mile Jamais<\/em><\/p>\n<p><em>30900 N\u00eemes &#8211; T\u00e9l. 04 66 67 68 25<br \/>\n<\/em><\/p>\n<p><em>Association \u00e0 but non lucratif r\u00e9gie par la loi de 1901, d\u00e9clar\u00e9e en Pr\u00e9fecture de N\u00eemes en 1991<\/em><\/p>\n<p><strong><em>Vous pouvez \u00e0 tout moment demander a \u00eatre retir\u00e9 de nos listes de diffusion.<\/em><\/strong><\/p>\n","protected":false},"excerpt":{"rendered":"<p>Pour nous contacter : Les Amis de Pablo Romero 12 rue \u00c9mile Jamais 30900 N\u00eemes &#8211; T\u00e9l. 04 66 67 68 25 Association \u00e0 but non lucratif r\u00e9gie par la loi de 1901, d\u00e9clar\u00e9e en Pr\u00e9fecture de N\u00eemes en 1991 Vous pouvez \u00e0 tout moment demander a \u00eatre retir\u00e9 de nos listes de diffusion.<\/p>\n","protected":false},"author":8,"featured_media":0,"parent":0,"menu_order":12,"comment_status":"closed","ping_status":"open","template":"","meta":{"footnotes":""},"class_list":["post-183","page","type-page","status-publish","hentry"],"yoast_head":"<!-- This site is optimized with the Yoast SEO plugin v24.7 - https:\/\/yoast.com\/wordpress\/plugins\/seo\/ -->\n<title>CONTACT - Les amis de PABLO ROMERO<\/title>\n<meta name=\"robots\" content=\"index, follow, max-snippet:-1, max-image-preview:large, max-video-preview:-1\" \/>\n<link rel=\"canonical\" href=\"https:\/\/pabloromero.fr\/?page_id=183\" \/>\n<meta property=\"og:locale\" content=\"fr_FR\" \/>\n<meta property=\"og:type\" content=\"article\" \/>\n<meta property=\"og:title\" content=\"CONTACT - Les amis de PABLO ROMERO\" \/>\n<meta property=\"og:description\" content=\"Pour nous contacter : Les Amis de Pablo Romero 12 rue \u00c9mile Jamais 30900 N\u00eemes &#8211; T\u00e9l. 04 66 67 68 25 Association \u00e0 but non lucratif r\u00e9gie par la loi de 1901, d\u00e9clar\u00e9e en Pr\u00e9fecture de N\u00eemes en 1991 Vous pouvez \u00e0 tout moment demander a \u00eatre retir\u00e9 de nos listes de diffusion.\" \/>\n<meta property=\"og:url\" content=\"https:\/\/pabloromero.fr\/?page_id=183\" \/>\n<meta property=\"og:site_name\" content=\"Les amis de PABLO ROMERO\" \/>\n<meta property=\"article:modified_time\" content=\"2020-02-25T07:36:20+00:00\" \/>\n<meta name=\"twitter:card\" content=\"summary_large_image\" \/>\n<script type=\"application\/ld+json\" class=\"yoast-schema-graph\">{\"@context\":\"https:\/\/schema.org\",\"@graph\":[{\"@type\":\"WebPage\",\"@id\":\"https:\/\/pabloromero.fr\/?page_id=183\",\"url\":\"https:\/\/pabloromero.fr\/?page_id=183\",\"name\":\"CONTACT - Les amis de PABLO ROMERO\",\"isPartOf\":{\"@id\":\"https:\/\/pabloromero.fr\/#website\"},\"datePublished\":\"2011-01-30T09:11:03+00:00\",\"dateModified\":\"2020-02-25T07:36:20+00:00\",\"breadcrumb\":{\"@id\":\"https:\/\/pabloromero.fr\/?page_id=183#breadcrumb\"},\"inLanguage\":\"fr-FR\",\"potentialAction\":[{\"@type\":\"ReadAction\",\"target\":[\"https:\/\/pabloromero.fr\/?page_id=183\"]}]},{\"@type\":\"BreadcrumbList\",\"@id\":\"https:\/\/pabloromero.fr\/?page_id=183#breadcrumb\",\"itemListElement\":[{\"@type\":\"ListItem\",\"position\":1,\"name\":\"Accueil\",\"item\":\"https:\/\/pabloromero.fr\/\"},{\"@type\":\"ListItem\",\"position\":2,\"name\":\"CONTACT\"}]},{\"@type\":\"WebSite\",\"@id\":\"https:\/\/pabloromero.fr\/#website\",\"url\":\"https:\/\/pabloromero.fr\/\",\"name\":\"Les amis de PABLO ROMERO\",\"description\":\"L&#039;activit\u00e9 de l&#039;association &quot;les amis de PABLO ROMERO&quot;\",\"potentialAction\":[{\"@type\":\"SearchAction\",\"target\":{\"@type\":\"EntryPoint\",\"urlTemplate\":\"https:\/\/pabloromero.fr\/?s={search_term_string}\"},\"query-input\":{\"@type\":\"PropertyValueSpecification\",\"valueRequired\":true,\"valueName\":\"search_term_string\"}}],\"inLanguage\":\"fr-FR\"}]}<\/script>\n<!-- \/ Yoast SEO plugin. -->","yoast_head_json":{"title":"CONTACT - Les amis de PABLO ROMERO","robots":{"index":"index","follow":"follow","max-snippet":"max-snippet:-1","max-image-preview":"max-image-preview:large","max-video-preview":"max-video-preview:-1"},"canonical":"https:\/\/pabloromero.fr\/?page_id=183","og_locale":"fr_FR","og_type":"article","og_title":"CONTACT - Les amis de PABLO ROMERO","og_description":"Pour nous contacter : Les Amis de Pablo Romero 12 rue \u00c9mile Jamais 30900 N\u00eemes &#8211; T\u00e9l. 04 66 67 68 25 Association \u00e0 but non lucratif r\u00e9gie par la loi de 1901, d\u00e9clar\u00e9e en Pr\u00e9fecture de N\u00eemes en 1991 Vous pouvez \u00e0 tout moment demander a \u00eatre retir\u00e9 de nos listes de diffusion.","og_url":"https:\/\/pabloromero.fr\/?page_id=183","og_site_name":"Les amis de PABLO ROMERO","article_modified_time":"2020-02-25T07:36:20+00:00","twitter_card":"summary_large_image","schema":{"@context":"https:\/\/schema.org","@graph":[{"@type":"WebPage","@id":"https:\/\/pabloromero.fr\/?page_id=183","url":"https:\/\/pabloromero.fr\/?page_id=183","name":"CONTACT - Les amis de PABLO ROMERO","isPartOf":{"@id":"https:\/\/pabloromero.fr\/#website"},"datePublished":"2011-01-30T09:11:03+00:00","dateModified":"2020-02-25T07:36:20+00:00","breadcrumb":{"@id":"https:\/\/pabloromero.fr\/?page_id=183#breadcrumb"},"inLanguage":"fr-FR","potentialAction":[{"@type":"ReadAction","target":["https:\/\/pabloromero.fr\/?page_id=183"]}]},{"@type":"BreadcrumbList","@id":"https:\/\/pabloromero.fr\/?page_id=183#breadcrumb","itemListElement":[{"@type":"ListItem","position":1,"name":"Accueil","item":"https:\/\/pabloromero.fr\/"},{"@type":"ListItem","position":2,"name":"CONTACT"}]},{"@type":"WebSite","@id":"https:\/\/pabloromero.fr\/#website","url":"https:\/\/pabloromero.fr\/","name":"Les amis de PABLO ROMERO","description":"L&#039;activit\u00e9 de l&#039;association &quot;les amis de PABLO ROMERO&quot;","potentialAction":[{"@type":"SearchAction","target":{"@type":"EntryPoint","urlTemplate":"https:\/\/pabloromero.fr\/?s={search_term_string}"},"query-input":{"@type":"PropertyValueSpecification","valueRequired":true,"valueName":"search_term_string"}}],"inLanguage":"fr-FR"}]}},"_links":{"self":[{"href":"https:\/\/pabloromero.fr\/index.php?rest_route=\/wp\/v2\/pages\/183"}],"collection":[{"href":"https:\/\/pabloromero.fr\/index.php?rest_route=\/wp\/v2\/pages"}],"about":[{"href":"https:\/\/pabloromero.fr\/index.php?rest_route=\/wp\/v2\/types\/page"}],"author":[{"embeddable":true,"href":"https:\/\/pabloromero.fr\/index.php?rest_route=\/wp\/v2\/users\/8"}],"replies":[{"embeddable":true,"href":"https:\/\/pabloromero.fr\/index.php?rest_route=%2Fwp%2Fv2%2Fcomments&post=183"}],"version-history":[{"count":18,"href":"https:\/\/pabloromero.fr\/index.php?rest_route=\/wp\/v2\/pages\/183\/revisions"}],"predecessor-version":[{"id":6782,"href":"https:\/\/pabloromero.fr\/index.php?rest_route=\/wp\/v2\/pages\/183\/revisions\/6782"}],"wp:attachment":[{"href":"https:\/\/pabloromero.fr\/index.php?rest_route=%2Fwp%2Fv2%2Fmedia&parent=183"}],"curies":[{"name":"wp","href":"https:\/\/api.w.org\/{rel}","templated":true}]}}