{"id":209,"date":"2011-01-30T10:58:29","date_gmt":"2011-01-30T09:58:29","guid":{"rendered":"http:\/\/www.pablo-romero.asso.fr\/WP\/?page_id=209"},"modified":"2019-09-19T13:44:26","modified_gmt":"2019-09-19T12:44:26","slug":"presentation","status":"publish","type":"page","link":"https:\/\/pabloromero.fr\/?page_id=209","title":{"rendered":"Exposition permanente"},"content":{"rendered":"<h2>L\u2019EXPOSITION PERMANENTE SUR L\u2019HISTOIRE DE LA GANADERIA PABLO ROMERO<\/h2>\n<p>&nbsp;<\/p>\n<p>L\u2019Espace Culturel taurin exceptionnel et la salle Herv\u00e9 Gabourd\u00e8s ont \u00e9t\u00e9 construits dans les locaux de l\u2019association \u00ab les amis de Pablo Romero\u00a0\u00bb et abritent d\u00e9sormais l\u2019exposition permanente retra\u00e7ant toute l\u2019histoire de la ganaderia Pablo Romero. Documents, actes officiels notari\u00e9s de la famille Pablo Romero\u00a0et la totalit\u00e9 des troph\u00e9es gagn\u00e9s par le prestigieux \u00e9levage, officiellement l\u00e9gu\u00e9s en totalit\u00e9 par la famille Pablo Romero \u00e0 l\u2019association \u00ab\u00a0les amis de Pablo Romero\u00a0\u00bb, tout un petit tr\u00e9sor\u00a0venu d\u2019Espagne d\u00e9sormais \u00e0 conserv\u00e9 et pr\u00e9sent\u00e9 \u00e0 N\u00eemes, en France !<\/p>\n<p>Apr\u00e8s la vente de l\u2019\u00e9levage Pablo Romero\u00a0en\u00a01998, devenu depuis Partido de Resina, la famille Pablo Romero a en effet souhait\u00e9 tout donner, tout l\u00e9guer de ces pr\u00e9cieux souvenirs \u00e0 notre association. Un geste absolument exceptionnel\u00a0!<\/p>\n<p>Ainsi, sont reconstitu\u00e9s 100 ans d\u2019histoire de Pablo Romero, en prenant comme fil directeur ces toros si c\u00e9l\u00e8bres ! Cette exposition \u00e0 base d\u2019objets, d\u2019outils, d\u2019affiches, de cartelitos, de t\u00eates de toros, d\u2019innombrables troph\u00e9es, est un voyage dans l\u2019histoire de la ganaderia, une r\u00e9f\u00e9rence aux connaisseurs et aux aficionados.<\/p>\n<p>Le lieu m\u00eame, l\u2019ancienne synagogue, devient, par son agencement, le c\u0153ur \u00abnoble\u00bb de la maison, lieu des rencontres et r\u00e9ceptions au milieu de l\u2019histoire.<\/p>\n<p>&nbsp;<\/p>\n<p><img loading=\"lazy\" decoding=\"async\" src=\"http:\/\/www.pabloromero.fr\/etage.jpg\" alt=\"\" width=\"617\" height=\"426\" \/><\/p>\n<p>L\u2019exposition permanente est situ\u00e9e sur la mezzanine du premier \u00e9tage. Son seul et unique th\u00e8me est l\u2019histoire des \u00ab\u00a0Pablo Romero\u00a0\u00bb, la famille et la ganaderia.<\/p>\n<p>Les membres de l\u2019association ont voulu une ambiance rincon, finca, o\u00f9 est dispos\u00e9 le mobilier de Christian Blach\u00e8re de Bagard, pour recueillir livres et souvenirs laiss\u00e9s par la famille Pablo Romero, dont une partie sur les origines de la ganaderia. Une foison de pi\u00e8ces rares et exceptionnelles, vibrantes d\u2019histoire, sont expos\u00e9es.<\/p>\n<p>A noter, en dessus de la premi\u00e8re fen\u00eatre, deux carteles tr\u00e8s pr\u00e9cieux\u00a0:<\/p>\n<ul>\n<li>1888 Pr\u00e9sentation de la ganaderia \u00e0 Madrid,<\/li>\n<li>1888 Pr\u00e9sentation de la ganaderia \u00e0 S\u00e9ville.<\/li>\n<\/ul>\n<p>Cet espace respire bien s\u00fbr l\u2019histoire personnelle de la famille avec notamment des cadres de photographies. Et bien \u00e9videmment\u2026, une vierge du Rocio, \u00e9galement l\u00e9gu\u00e9e par la famille Pablo Romero.<\/p>\n<p>On remarque la pr\u00e9sence de l\u2019\u00e9toile de David, de l\u2019ancienne synagogue de la famille Benguigui. L\u2019association a respect\u00e9 le souhait de cette famille, exprim\u00e9 lors de la vente du b\u00e2timent, de conserver ce symbole.<\/p>\n<p>&nbsp;<\/p>\n<p>&nbsp;<\/p>\n<p><em>Le mur des troph\u00e9es<\/em><\/p>\n<p>Sur fond bleu c\u00e9leste, de la couleur du fer des PABLO ROMERO, le mur des troph\u00e9es de 100 ans d\u2019histoire de PABLO ROMERO, que l\u2019on commence \u00e0 d\u00e9couvrir en montant les escaliers.\u00a0 \u00a0\u00a0\u00a0\u00a0\u00a0\u00a0\u00a0\u00a0\u00a0\u00a0\u00a0 Au d\u00e9but de la mont\u00e9e d\u2019Escalier, on peut d\u00e9couvrir le troph\u00e9e, en 1954, du toro Pavito lidi\u00e9 \u00e0 Bilbao. A noter, en 1968, le toro Potrico, le seul toro indult\u00e9 de cet \u00e9levage de l\u00e9gende\u00a0: c\u2019\u00e9tait \u00e0 Barcelone. Impossible de les \u00e9num\u00e9rer tous, qu\u2019ils soient de Madrid, de Valencia, ou d\u2019autres plazas de toros\u00a0! Tout au sommet du mur bleu des troph\u00e9es, le portrait du fondateur de la ganaderia Pablo Romero, fond\u00e9e en 1885. Dans la pi\u00e8ce \u00e9galement, 2 t\u00eates de toros qui ont plus de 100 ans, ainsi que tous les troph\u00e9es antiques et les photos de la famille Pablo Romero.<\/p>\n<p>&nbsp;<\/p>\n<p><em>La balustre de la m\u00e9zannine<\/em><\/p>\n<p>Elle est orn\u00e9e d\u2019\u0153uvres en acier du sculpteur n\u00eemois St\u00e9phane Lopez, qui repr\u00e9sentent les toros au campo, accoso y deribo, ainsi qu\u2019une t\u00eate de toro que le sculpteur a r\u00e9alis\u00e9 \u00e0 partir d\u2019un toro tu\u00e9 par Nime\u00f1o en 1988 \u00e0 Pampelune.<\/p>\n<p>&nbsp;<\/p>\n<p><em>Pourquoi la salle Herv\u00e9 Gabourd\u00e8s\u00a0?<\/em><\/p>\n<p>Rappelons que l\u2019origine de la cr\u00e9ation de l\u2019association \u00ab\u00a0Les Amis de Pablo Romero\u00a0\u00bb est le fruit de la rencontre d\u2019Herv\u00e9 Gabourd\u00e8s et Serge Sanchez avec Jaime de Pablo Romero en 1988, avant l\u2019exposition Universelle de S\u00e9ville de 1992. Une amiti\u00e9 forte et sinc\u00e8re est n\u00e9e entre ces trois hommes, amiti\u00e9 qui ne s\u2019est jamais d\u00e9mentie et s\u2019est renforc\u00e9 au fil du temps et de leur passion commune pour la tauromachie en g\u00e9n\u00e9ral mais surtout pour la ganaderia Pablo Romero.<\/p>\n<p>Herv\u00e9 Gabourd\u00e8s et Serge Sanchez sont \u00e0 l\u2019origine, avec l\u2019appui des membres de l\u2019association, de l\u2019organisation \u00e0 N\u00eemes, en 1994, du centenaire de la premi\u00e8re corrida des pablorromeros, grand \u00e9v\u00e8nement qui a profond\u00e9ment touch\u00e9 la famille de Jaime de Pablo Romero. Le duo est \u00e9galement \u00e0 l\u2019origine, aid\u00e9s en cela par les membres de l\u2019association, de nombreuses actions pour aider Jaime de Pablo Romero \u00e0 garder son \u00e9levage, dont la tentative de cr\u00e9er une fondation.<\/p>\n<p>En 1998, Herv\u00e9 Gabourd\u00e8s, alors vice-pr\u00e9sident de l\u2019association, sa femme Christine et leurs enfants Amanda et Tristan, d\u00e9c\u00e8dent tragiquement lors d\u2019un terrible accident d\u2019avion \u00e0 Halifax au Canada. Quelques temps apr\u00e8s, apr\u00e8s l\u2019\u00e9chec de la fondation, la d\u00e9cision a \u00e9t\u00e9 prise par l\u2019association d\u2019acheter \u00e0 la famille Benguigui les locaux actuels de la rue Emile Jamais \u00e0 N\u00eemes pour continuer \u00e0 faire vivre l\u2019aficion autour de la ganaderia Pablo Romero, et de les r\u00e9nover totalement avec \u00e0 terme un but\u00a0: celui d\u2019ouvrir un espace culturel unique autour de cet \u00e9levage.<\/p>\n<p>Jaime de Pablo Romero d\u00e9clara que le jour o\u00f9 ce lieu serait construit et officiellement lanc\u00e9, il souhaitait que l\u2019on pose une plaque \u00ab\u00a0Herv\u00e9 Gabourd\u00e8s\u00a0\u00bb en hommage \u00e0 ce dernier. Souhait bien \u00e9videmment approuv\u00e9 par tous les membres de l\u2019association\u00a0!<\/p>\n<p>Durant toutes ces diz derni\u00e8res ann\u00e9es, durant lesquelles le club taurin Pablo Romero s\u2019est beaucoup d\u00e9velopp\u00e9 dans ces nouveaux locaux et a \u00e9t\u00e9 le r\u00e9ceptacle de nombreux \u00e9v\u00e9nements festifs ou culturels, et le projet initial a pris forme petit \u00e0 petit. Les membres ont beaucoup travaill\u00e9 en commun, des groupes ont minutieusement r\u00e9fl\u00e9chi \u00e0 son articulation, \u00e0 sa vocation, \u00e0 sa conception, \u00e0 sa r\u00e9alisation dans les moindres d\u00e9tails.<\/p>\n<p>Il \u00e9tait pr\u00e9vu d\u2019ouvrir cet espace fin 2008, pour c\u00e9l\u00e9brer, comme l\u2019indique Jaime de Pablo Romero, les 10 ans d\u2019absence et de disparition autour de trois noms disparus en 1998\u00a0:<\/p>\n<ul>\n<li>Herv\u00e9 Gabourdes,<\/li>\n<li>Antonio Ordonez,<\/li>\n<li>Pablo Romero (ann\u00e9e de la vente de la Ganad\u00e9ria).<\/li>\n<\/ul>\n<p>Cela a \u00e9t\u00e9 report\u00e9 \u00e0 ce 22 mai 2009, et \u00e0 cette occasion une d\u00e9l\u00e9gation espagnole importante de la famille de Jaime de Pablo Romero s\u2019est d\u00e9plac\u00e9e, avec le mayoral Manolo Mu\u00f1oz et son \u00e9pouse, ce qui ne s\u2019\u00e9tait pas fait depuis 1994\u00a0:<\/p>\n<p><img loading=\"lazy\" decoding=\"async\" src=\"http:\/\/www.pabloromero.fr\/famille.jpg\" alt=\"\" width=\"649\" height=\"418\" \/><\/p>\n<ul>\n<li style=\"list-style-type: none;\">\n<ul>\n<li>Jaime de Pablo Romero et sa femme Menchu,<\/li>\n<li>Leurs 3 enfants, Menchu, Rocio et Jaime, accompagn\u00e9s de leurs conjoints, d\u2019un de leurs enfants, et de trois couples d\u2019amis,<\/li>\n<li>Ignacio et Lupe, fr\u00e8re et s\u0153ur de Jaime de Pablo Romero,<\/li>\n<li>Des neveux de Pampelune,<\/li>\n<li>Un couple d\u2019amis,<\/li>\n<li>Le mayoral Manolo Mu\u00f1oz et son \u00e9pouse.<\/li>\n<\/ul>\n<\/li>\n<\/ul>\n<p>&nbsp;<\/p>\n<p>C\u2019est Jaime de Pablo Romero et le s\u00e9nateur-maire de N\u00eemes Jean-Paul Fournier qui l\u00e8veront le voile de la plaque \u00ab\u00a0SALLE HERVE GABOURDES\u00a0\u00bb.<\/p>\n<p><img loading=\"lazy\" decoding=\"async\" src=\"http:\/\/www.pabloromero.fr\/plaque.jpg\" alt=\"\" width=\"398\" height=\"306\" \/><\/p>\n<p><em>Contexte et prospectives<\/em><\/p>\n<p>La \u00ab maison Pablo Romero \u00bb lieu d\u2019accueil de f\u00eates, est aussi lieu de m\u00e9moire et de diffusion de l\u2019aficion.<\/p>\n<p>En son sein, est install\u00e9 d\u00e9sormais son espace culturel dans son bel \u00e9crin, avec exposition permanente et exposition temporaire, avec une ambition multiple :<\/p>\n<ul>\n<li>Proposer un parcours mus\u00e9ographique initiatique \u00e0 la connaissance et \u00e0 l\u2019attrait du toro,<\/li>\n<li>Etre un lieu de m\u00e9moire autour de Pablo Romero avec comme support une exposition exceptionnelle de toute son histoire,<\/li>\n<li>Etre le support d\u2019expositions temporaires mont\u00e9es par l\u2019association, \u00e0 l\u2019aide de ses collections, ou accueillies dans son espace.<\/li>\n<li><\/li>\n<\/ul>\n<p>Cette ambition mus\u00e9ographique autour du toro et de l\u2019\u00e9levage, devrait faire de la \u00abmaison Pablo Romero\u00bb, au-del\u00e0 d\u2019un lieu de f\u00eates et d\u2019\u00e9v\u00e9nements culturels, un lieu permanent de r\u00e9f\u00e9rence pour l\u2019aficion, un lieu de d\u00e9couverte, de transmission et d\u2019enseignement pour tout public d\u00e9sireux d\u2019apprendre \u00e0 mieux conna\u00eetre le domaine du toro de l\u2019histoire de la tauromachie.<\/p>\n<p>&nbsp;<\/p>\n","protected":false},"excerpt":{"rendered":"<p>L\u2019EXPOSITION PERMANENTE SUR L\u2019HISTOIRE DE LA GANADERIA PABLO ROMERO &nbsp; L\u2019Espace Culturel taurin exceptionnel et la salle Herv\u00e9 Gabourd\u00e8s ont \u00e9t\u00e9 construits dans les locaux de l\u2019association \u00ab les amis de Pablo Romero\u00a0\u00bb et abritent d\u00e9sormais l\u2019exposition permanente retra\u00e7ant toute l\u2019histoire de la ganaderia Pablo Romero. Documents, actes officiels notari\u00e9s de la famille Pablo Romero\u00a0et [&hellip;]<\/p>\n","protected":false},"author":8,"featured_media":0,"parent":8,"menu_order":0,"comment_status":"closed","ping_status":"open","template":"","meta":{"footnotes":""},"class_list":["post-209","page","type-page","status-publish","hentry"],"yoast_head":"<!-- This site is optimized with the Yoast SEO plugin v24.7 - https:\/\/yoast.com\/wordpress\/plugins\/seo\/ -->\n<title>Exposition permanente - Les amis de PABLO ROMERO<\/title>\n<meta name=\"robots\" content=\"index, follow, max-snippet:-1, max-image-preview:large, max-video-preview:-1\" \/>\n<link rel=\"canonical\" href=\"https:\/\/pabloromero.fr\/?page_id=209\" \/>\n<meta property=\"og:locale\" content=\"fr_FR\" \/>\n<meta property=\"og:type\" content=\"article\" \/>\n<meta property=\"og:title\" content=\"Exposition permanente - Les amis de PABLO ROMERO\" \/>\n<meta property=\"og:description\" content=\"L\u2019EXPOSITION PERMANENTE SUR L\u2019HISTOIRE DE LA GANADERIA PABLO ROMERO &nbsp; L\u2019Espace Culturel taurin exceptionnel et la salle Herv\u00e9 Gabourd\u00e8s ont \u00e9t\u00e9 construits dans les locaux de l\u2019association \u00ab les amis de Pablo Romero\u00a0\u00bb et abritent d\u00e9sormais l\u2019exposition permanente retra\u00e7ant toute l\u2019histoire de la ganaderia Pablo Romero. Documents, actes officiels notari\u00e9s de la famille Pablo Romero\u00a0et [&hellip;]\" \/>\n<meta property=\"og:url\" content=\"https:\/\/pabloromero.fr\/?page_id=209\" \/>\n<meta property=\"og:site_name\" content=\"Les amis de PABLO ROMERO\" \/>\n<meta property=\"article:modified_time\" content=\"2019-09-19T12:44:26+00:00\" \/>\n<meta property=\"og:image\" content=\"http:\/\/www.pabloromero.fr\/etage.jpg\" \/>\n<meta name=\"twitter:card\" content=\"summary_large_image\" \/>\n<meta name=\"twitter:label1\" content=\"Dur\u00e9e de lecture estim\u00e9e\" \/>\n\t<meta name=\"twitter:data1\" content=\"7 minutes\" \/>\n<script type=\"application\/ld+json\" class=\"yoast-schema-graph\">{\"@context\":\"https:\/\/schema.org\",\"@graph\":[{\"@type\":\"WebPage\",\"@id\":\"https:\/\/pabloromero.fr\/?page_id=209\",\"url\":\"https:\/\/pabloromero.fr\/?page_id=209\",\"name\":\"Exposition permanente - Les amis de PABLO ROMERO\",\"isPartOf\":{\"@id\":\"https:\/\/pabloromero.fr\/#website\"},\"primaryImageOfPage\":{\"@id\":\"https:\/\/pabloromero.fr\/?page_id=209#primaryimage\"},\"image\":{\"@id\":\"https:\/\/pabloromero.fr\/?page_id=209#primaryimage\"},\"thumbnailUrl\":\"http:\/\/www.pabloromero.fr\/etage.jpg\",\"datePublished\":\"2011-01-30T09:58:29+00:00\",\"dateModified\":\"2019-09-19T12:44:26+00:00\",\"breadcrumb\":{\"@id\":\"https:\/\/pabloromero.fr\/?page_id=209#breadcrumb\"},\"inLanguage\":\"fr-FR\",\"potentialAction\":[{\"@type\":\"ReadAction\",\"target\":[\"https:\/\/pabloromero.fr\/?page_id=209\"]}]},{\"@type\":\"ImageObject\",\"inLanguage\":\"fr-FR\",\"@id\":\"https:\/\/pabloromero.fr\/?page_id=209#primaryimage\",\"url\":\"http:\/\/www.pabloromero.fr\/etage.jpg\",\"contentUrl\":\"http:\/\/www.pabloromero.fr\/etage.jpg\"},{\"@type\":\"BreadcrumbList\",\"@id\":\"https:\/\/pabloromero.fr\/?page_id=209#breadcrumb\",\"itemListElement\":[{\"@type\":\"ListItem\",\"position\":1,\"name\":\"Accueil\",\"item\":\"https:\/\/pabloromero.fr\/\"},{\"@type\":\"ListItem\",\"position\":2,\"name\":\"ESPACE CULTUREL\",\"item\":\"https:\/\/pabloromero.fr\/?page_id=8\"},{\"@type\":\"ListItem\",\"position\":3,\"name\":\"Exposition permanente\"}]},{\"@type\":\"WebSite\",\"@id\":\"https:\/\/pabloromero.fr\/#website\",\"url\":\"https:\/\/pabloromero.fr\/\",\"name\":\"Les amis de PABLO ROMERO\",\"description\":\"L&#039;activit\u00e9 de l&#039;association &quot;les amis de PABLO ROMERO&quot;\",\"potentialAction\":[{\"@type\":\"SearchAction\",\"target\":{\"@type\":\"EntryPoint\",\"urlTemplate\":\"https:\/\/pabloromero.fr\/?s={search_term_string}\"},\"query-input\":{\"@type\":\"PropertyValueSpecification\",\"valueRequired\":true,\"valueName\":\"search_term_string\"}}],\"inLanguage\":\"fr-FR\"}]}<\/script>\n<!-- \/ Yoast SEO plugin. -->","yoast_head_json":{"title":"Exposition permanente - Les amis de PABLO ROMERO","robots":{"index":"index","follow":"follow","max-snippet":"max-snippet:-1","max-image-preview":"max-image-preview:large","max-video-preview":"max-video-preview:-1"},"canonical":"https:\/\/pabloromero.fr\/?page_id=209","og_locale":"fr_FR","og_type":"article","og_title":"Exposition permanente - Les amis de PABLO ROMERO","og_description":"L\u2019EXPOSITION PERMANENTE SUR L\u2019HISTOIRE DE LA GANADERIA PABLO ROMERO &nbsp; L\u2019Espace Culturel taurin exceptionnel et la salle Herv\u00e9 Gabourd\u00e8s ont \u00e9t\u00e9 construits dans les locaux de l\u2019association \u00ab les amis de Pablo Romero\u00a0\u00bb et abritent d\u00e9sormais l\u2019exposition permanente retra\u00e7ant toute l\u2019histoire de la ganaderia Pablo Romero. Documents, actes officiels notari\u00e9s de la famille Pablo Romero\u00a0et [&hellip;]","og_url":"https:\/\/pabloromero.fr\/?page_id=209","og_site_name":"Les amis de PABLO ROMERO","article_modified_time":"2019-09-19T12:44:26+00:00","og_image":[{"url":"http:\/\/www.pabloromero.fr\/etage.jpg","type":"","width":"","height":""}],"twitter_card":"summary_large_image","twitter_misc":{"Dur\u00e9e de lecture estim\u00e9e":"7 minutes"},"schema":{"@context":"https:\/\/schema.org","@graph":[{"@type":"WebPage","@id":"https:\/\/pabloromero.fr\/?page_id=209","url":"https:\/\/pabloromero.fr\/?page_id=209","name":"Exposition permanente - Les amis de PABLO ROMERO","isPartOf":{"@id":"https:\/\/pabloromero.fr\/#website"},"primaryImageOfPage":{"@id":"https:\/\/pabloromero.fr\/?page_id=209#primaryimage"},"image":{"@id":"https:\/\/pabloromero.fr\/?page_id=209#primaryimage"},"thumbnailUrl":"http:\/\/www.pabloromero.fr\/etage.jpg","datePublished":"2011-01-30T09:58:29+00:00","dateModified":"2019-09-19T12:44:26+00:00","breadcrumb":{"@id":"https:\/\/pabloromero.fr\/?page_id=209#breadcrumb"},"inLanguage":"fr-FR","potentialAction":[{"@type":"ReadAction","target":["https:\/\/pabloromero.fr\/?page_id=209"]}]},{"@type":"ImageObject","inLanguage":"fr-FR","@id":"https:\/\/pabloromero.fr\/?page_id=209#primaryimage","url":"http:\/\/www.pabloromero.fr\/etage.jpg","contentUrl":"http:\/\/www.pabloromero.fr\/etage.jpg"},{"@type":"BreadcrumbList","@id":"https:\/\/pabloromero.fr\/?page_id=209#breadcrumb","itemListElement":[{"@type":"ListItem","position":1,"name":"Accueil","item":"https:\/\/pabloromero.fr\/"},{"@type":"ListItem","position":2,"name":"ESPACE CULTUREL","item":"https:\/\/pabloromero.fr\/?page_id=8"},{"@type":"ListItem","position":3,"name":"Exposition permanente"}]},{"@type":"WebSite","@id":"https:\/\/pabloromero.fr\/#website","url":"https:\/\/pabloromero.fr\/","name":"Les amis de PABLO ROMERO","description":"L&#039;activit\u00e9 de l&#039;association &quot;les amis de PABLO ROMERO&quot;","potentialAction":[{"@type":"SearchAction","target":{"@type":"EntryPoint","urlTemplate":"https:\/\/pabloromero.fr\/?s={search_term_string}"},"query-input":{"@type":"PropertyValueSpecification","valueRequired":true,"valueName":"search_term_string"}}],"inLanguage":"fr-FR"}]}},"_links":{"self":[{"href":"https:\/\/pabloromero.fr\/index.php?rest_route=\/wp\/v2\/pages\/209"}],"collection":[{"href":"https:\/\/pabloromero.fr\/index.php?rest_route=\/wp\/v2\/pages"}],"about":[{"href":"https:\/\/pabloromero.fr\/index.php?rest_route=\/wp\/v2\/types\/page"}],"author":[{"embeddable":true,"href":"https:\/\/pabloromero.fr\/index.php?rest_route=\/wp\/v2\/users\/8"}],"replies":[{"embeddable":true,"href":"https:\/\/pabloromero.fr\/index.php?rest_route=%2Fwp%2Fv2%2Fcomments&post=209"}],"version-history":[{"count":9,"href":"https:\/\/pabloromero.fr\/index.php?rest_route=\/wp\/v2\/pages\/209\/revisions"}],"predecessor-version":[{"id":6529,"href":"https:\/\/pabloromero.fr\/index.php?rest_route=\/wp\/v2\/pages\/209\/revisions\/6529"}],"up":[{"embeddable":true,"href":"https:\/\/pabloromero.fr\/index.php?rest_route=\/wp\/v2\/pages\/8"}],"wp:attachment":[{"href":"https:\/\/pabloromero.fr\/index.php?rest_route=%2Fwp%2Fv2%2Fmedia&parent=209"}],"curies":[{"name":"wp","href":"https:\/\/api.w.org\/{rel}","templated":true}]}}