{"id":8,"date":"2011-01-23T12:50:36","date_gmt":"2011-01-23T11:50:36","guid":{"rendered":"http:\/\/www.pablo-romero.asso.fr\/WP\/?page_id=8"},"modified":"2017-04-21T09:21:55","modified_gmt":"2017-04-21T08:21:55","slug":"espace-culturel","status":"publish","type":"page","link":"https:\/\/pabloromero.fr\/?page_id=8","title":{"rendered":"ESPACE CULTUREL"},"content":{"rendered":"<h1><strong>L&#8217;ESPACE CULTUREL TAURIN PABLO ROMERO<\/strong><img loading=\"lazy\" decoding=\"async\" class=\"alignleft\" src=\"http:\/\/www.pabloromero.fr\/_RM00118p.jpg\" alt=\"\" width=\"392\" height=\"286\" \/><\/h1>\n<p style=\"text-align: justify;\">L\u2019espace culturel Pablo Romero et la salle Herv\u00e9 Gabourdes se situent au premier \u00e9tage du b\u00e2timent abritant l&#8217;association &#8220;Les Amis de Pablo Romero&#8221;. Cette ancienne synagogue n\u00eemoise, r\u00e9nov\u00e9e dans les ann\u00e9es 2000, constitue un \u00e9crin magnifique pour accueillir une exposition\u00a0permanente qui relate l\u2019histoire de l\u2019\u00e9levage Pablo Romero. On y retrouve des documents tr\u00e8s divers allant des actes officiels notari\u00e9s de la famille Pablo Romero jusqu&#8217;aux livres de comptabilit\u00e9 de l&#8217;\u00e9levage, en passant bien s\u00fbr par des affiches de corridas et habits de lumi\u00e8res, ainsi que l&#8217;ensemble des troph\u00e9es gagn\u00e9s par la prestigieuse ganaderia Pablo Romero.<\/p>\n<p style=\"text-align: justify;\">Ce patrimoine exceptionnel a \u00e9t\u00e9 l\u00e9gu\u00e9 officiellement et en totalit\u00e9\u00a0par la famille Pablo Romero \u00e0 l\u2019association \u00ab\u00a0Les Amis de Pablo Romero\u00a0\u00bb, apr\u00e8s la vente de l\u2019\u00e9levage en\u00a01998, devenu depuis Partido de Resina. C&#8217;est-ce lien intime et fort entre une famille et une association d&#8217;aficionados fran\u00e7ais, r\u00e9unies par l&#8217;amour de l&#8217;\u00e9levage de toros bravos qui est pr\u00e9sent\u00e9 l\u00e0.<\/p>\n<p style=\"text-align: justify;\"><strong>Vous pouvez acc\u00e9der \u00e0 cet espace culturel exceptionnel pendant la f\u00e9ria de 20h \u00e0 22h ou sur demande \u00e0 l&#8217;adresse ghislaine.perez@free.fr ; <\/strong>Bonne visite\u00a0!<\/p>\n","protected":false},"excerpt":{"rendered":"<p>L&#8217;ESPACE CULTUREL TAURIN PABLO ROMERO L\u2019espace culturel Pablo Romero et la salle Herv\u00e9 Gabourdes se situent au premier \u00e9tage du b\u00e2timent abritant l&#8217;association &#8220;Les Amis de Pablo Romero&#8221;. Cette ancienne synagogue n\u00eemoise, r\u00e9nov\u00e9e dans les ann\u00e9es 2000, constitue un \u00e9crin magnifique pour accueillir une exposition\u00a0permanente qui relate l\u2019histoire de l\u2019\u00e9levage Pablo Romero. On y retrouve [&hellip;]<\/p>\n","protected":false},"author":8,"featured_media":0,"parent":0,"menu_order":6,"comment_status":"closed","ping_status":"open","template":"","meta":{"footnotes":""},"class_list":["post-8","page","type-page","status-publish","hentry"],"yoast_head":"<!-- This site is optimized with the Yoast SEO plugin v24.7 - https:\/\/yoast.com\/wordpress\/plugins\/seo\/ -->\n<title>ESPACE CULTUREL - Les amis de PABLO ROMERO<\/title>\n<meta name=\"robots\" content=\"index, follow, max-snippet:-1, max-image-preview:large, max-video-preview:-1\" \/>\n<link rel=\"canonical\" href=\"https:\/\/pabloromero.fr\/?page_id=8\" \/>\n<meta property=\"og:locale\" content=\"fr_FR\" \/>\n<meta property=\"og:type\" content=\"article\" \/>\n<meta property=\"og:title\" content=\"ESPACE CULTUREL - Les amis de PABLO ROMERO\" \/>\n<meta property=\"og:description\" content=\"L&#8217;ESPACE CULTUREL TAURIN PABLO ROMERO L\u2019espace culturel Pablo Romero et la salle Herv\u00e9 Gabourdes se situent au premier \u00e9tage du b\u00e2timent abritant l&#8217;association &#8220;Les Amis de Pablo Romero&#8221;. Cette ancienne synagogue n\u00eemoise, r\u00e9nov\u00e9e dans les ann\u00e9es 2000, constitue un \u00e9crin magnifique pour accueillir une exposition\u00a0permanente qui relate l\u2019histoire de l\u2019\u00e9levage Pablo Romero. On y retrouve [&hellip;]\" \/>\n<meta property=\"og:url\" content=\"https:\/\/pabloromero.fr\/?page_id=8\" \/>\n<meta property=\"og:site_name\" content=\"Les amis de PABLO ROMERO\" \/>\n<meta property=\"article:modified_time\" content=\"2017-04-21T08:21:55+00:00\" \/>\n<meta property=\"og:image\" content=\"http:\/\/www.pabloromero.fr\/_RM00118p.jpg\" \/>\n<meta name=\"twitter:card\" content=\"summary_large_image\" \/>\n<meta name=\"twitter:label1\" content=\"Dur\u00e9e de lecture estim\u00e9e\" \/>\n\t<meta name=\"twitter:data1\" content=\"1 minute\" \/>\n<script type=\"application\/ld+json\" class=\"yoast-schema-graph\">{\"@context\":\"https:\/\/schema.org\",\"@graph\":[{\"@type\":\"WebPage\",\"@id\":\"https:\/\/pabloromero.fr\/?page_id=8\",\"url\":\"https:\/\/pabloromero.fr\/?page_id=8\",\"name\":\"ESPACE CULTUREL - Les amis de PABLO ROMERO\",\"isPartOf\":{\"@id\":\"https:\/\/pabloromero.fr\/#website\"},\"primaryImageOfPage\":{\"@id\":\"https:\/\/pabloromero.fr\/?page_id=8#primaryimage\"},\"image\":{\"@id\":\"https:\/\/pabloromero.fr\/?page_id=8#primaryimage\"},\"thumbnailUrl\":\"http:\/\/www.pabloromero.fr\/_RM00118p.jpg\",\"datePublished\":\"2011-01-23T11:50:36+00:00\",\"dateModified\":\"2017-04-21T08:21:55+00:00\",\"breadcrumb\":{\"@id\":\"https:\/\/pabloromero.fr\/?page_id=8#breadcrumb\"},\"inLanguage\":\"fr-FR\",\"potentialAction\":[{\"@type\":\"ReadAction\",\"target\":[\"https:\/\/pabloromero.fr\/?page_id=8\"]}]},{\"@type\":\"ImageObject\",\"inLanguage\":\"fr-FR\",\"@id\":\"https:\/\/pabloromero.fr\/?page_id=8#primaryimage\",\"url\":\"http:\/\/www.pabloromero.fr\/_RM00118p.jpg\",\"contentUrl\":\"http:\/\/www.pabloromero.fr\/_RM00118p.jpg\"},{\"@type\":\"BreadcrumbList\",\"@id\":\"https:\/\/pabloromero.fr\/?page_id=8#breadcrumb\",\"itemListElement\":[{\"@type\":\"ListItem\",\"position\":1,\"name\":\"Accueil\",\"item\":\"https:\/\/pabloromero.fr\/\"},{\"@type\":\"ListItem\",\"position\":2,\"name\":\"ESPACE CULTUREL\"}]},{\"@type\":\"WebSite\",\"@id\":\"https:\/\/pabloromero.fr\/#website\",\"url\":\"https:\/\/pabloromero.fr\/\",\"name\":\"Les amis de PABLO ROMERO\",\"description\":\"L&#039;activit\u00e9 de l&#039;association &quot;les amis de PABLO ROMERO&quot;\",\"potentialAction\":[{\"@type\":\"SearchAction\",\"target\":{\"@type\":\"EntryPoint\",\"urlTemplate\":\"https:\/\/pabloromero.fr\/?s={search_term_string}\"},\"query-input\":{\"@type\":\"PropertyValueSpecification\",\"valueRequired\":true,\"valueName\":\"search_term_string\"}}],\"inLanguage\":\"fr-FR\"}]}<\/script>\n<!-- \/ Yoast SEO plugin. -->","yoast_head_json":{"title":"ESPACE CULTUREL - Les amis de PABLO ROMERO","robots":{"index":"index","follow":"follow","max-snippet":"max-snippet:-1","max-image-preview":"max-image-preview:large","max-video-preview":"max-video-preview:-1"},"canonical":"https:\/\/pabloromero.fr\/?page_id=8","og_locale":"fr_FR","og_type":"article","og_title":"ESPACE CULTUREL - Les amis de PABLO ROMERO","og_description":"L&#8217;ESPACE CULTUREL TAURIN PABLO ROMERO L\u2019espace culturel Pablo Romero et la salle Herv\u00e9 Gabourdes se situent au premier \u00e9tage du b\u00e2timent abritant l&#8217;association &#8220;Les Amis de Pablo Romero&#8221;. Cette ancienne synagogue n\u00eemoise, r\u00e9nov\u00e9e dans les ann\u00e9es 2000, constitue un \u00e9crin magnifique pour accueillir une exposition\u00a0permanente qui relate l\u2019histoire de l\u2019\u00e9levage Pablo Romero. On y retrouve [&hellip;]","og_url":"https:\/\/pabloromero.fr\/?page_id=8","og_site_name":"Les amis de PABLO ROMERO","article_modified_time":"2017-04-21T08:21:55+00:00","og_image":[{"url":"http:\/\/www.pabloromero.fr\/_RM00118p.jpg","type":"","width":"","height":""}],"twitter_card":"summary_large_image","twitter_misc":{"Dur\u00e9e de lecture estim\u00e9e":"1 minute"},"schema":{"@context":"https:\/\/schema.org","@graph":[{"@type":"WebPage","@id":"https:\/\/pabloromero.fr\/?page_id=8","url":"https:\/\/pabloromero.fr\/?page_id=8","name":"ESPACE CULTUREL - Les amis de PABLO ROMERO","isPartOf":{"@id":"https:\/\/pabloromero.fr\/#website"},"primaryImageOfPage":{"@id":"https:\/\/pabloromero.fr\/?page_id=8#primaryimage"},"image":{"@id":"https:\/\/pabloromero.fr\/?page_id=8#primaryimage"},"thumbnailUrl":"http:\/\/www.pabloromero.fr\/_RM00118p.jpg","datePublished":"2011-01-23T11:50:36+00:00","dateModified":"2017-04-21T08:21:55+00:00","breadcrumb":{"@id":"https:\/\/pabloromero.fr\/?page_id=8#breadcrumb"},"inLanguage":"fr-FR","potentialAction":[{"@type":"ReadAction","target":["https:\/\/pabloromero.fr\/?page_id=8"]}]},{"@type":"ImageObject","inLanguage":"fr-FR","@id":"https:\/\/pabloromero.fr\/?page_id=8#primaryimage","url":"http:\/\/www.pabloromero.fr\/_RM00118p.jpg","contentUrl":"http:\/\/www.pabloromero.fr\/_RM00118p.jpg"},{"@type":"BreadcrumbList","@id":"https:\/\/pabloromero.fr\/?page_id=8#breadcrumb","itemListElement":[{"@type":"ListItem","position":1,"name":"Accueil","item":"https:\/\/pabloromero.fr\/"},{"@type":"ListItem","position":2,"name":"ESPACE CULTUREL"}]},{"@type":"WebSite","@id":"https:\/\/pabloromero.fr\/#website","url":"https:\/\/pabloromero.fr\/","name":"Les amis de PABLO ROMERO","description":"L&#039;activit\u00e9 de l&#039;association &quot;les amis de PABLO ROMERO&quot;","potentialAction":[{"@type":"SearchAction","target":{"@type":"EntryPoint","urlTemplate":"https:\/\/pabloromero.fr\/?s={search_term_string}"},"query-input":{"@type":"PropertyValueSpecification","valueRequired":true,"valueName":"search_term_string"}}],"inLanguage":"fr-FR"}]}},"_links":{"self":[{"href":"https:\/\/pabloromero.fr\/index.php?rest_route=\/wp\/v2\/pages\/8"}],"collection":[{"href":"https:\/\/pabloromero.fr\/index.php?rest_route=\/wp\/v2\/pages"}],"about":[{"href":"https:\/\/pabloromero.fr\/index.php?rest_route=\/wp\/v2\/types\/page"}],"author":[{"embeddable":true,"href":"https:\/\/pabloromero.fr\/index.php?rest_route=\/wp\/v2\/users\/8"}],"replies":[{"embeddable":true,"href":"https:\/\/pabloromero.fr\/index.php?rest_route=%2Fwp%2Fv2%2Fcomments&post=8"}],"version-history":[{"count":18,"href":"https:\/\/pabloromero.fr\/index.php?rest_route=\/wp\/v2\/pages\/8\/revisions"}],"predecessor-version":[{"id":4694,"href":"https:\/\/pabloromero.fr\/index.php?rest_route=\/wp\/v2\/pages\/8\/revisions\/4694"}],"wp:attachment":[{"href":"https:\/\/pabloromero.fr\/index.php?rest_route=%2Fwp%2Fv2%2Fmedia&parent=8"}],"curies":[{"name":"wp","href":"https:\/\/api.w.org\/{rel}","templated":true}]}}